{"id":2448,"date":"2014-11-11T14:18:30","date_gmt":"2014-11-11T22:18:30","guid":{"rendered":"http:\/\/bien.nceas.ucsb.edu\/bien\/?page_id=2448"},"modified":"2024-03-27T13:24:56","modified_gmt":"2024-03-27T21:24:56","slug":"publications","status":"publish","type":"page","link":"https:\/\/bien.nceas.ucsb.edu\/bien\/publications\/","title":{"rendered":"Publications"},"content":{"rendered":"<h4>Peer-reviewed papers utilizing BIEN data<\/h4>\n<ol>\n<li>Lee Hannah, Patrick R. Roehrdanz, Pablo A. Marquet, Brian J. Enquist, Guy Midgley, Wendy Foden, Jon C. Lovett, Richard T. Corlett, Derek Corcoran, Stuart H. M. Butchart, Brad Boyle, Xiao Feng, Brian Maitner, Javier Fajardo, Brian J. McGill, Cory Merow, Naia Morueta\u2010Holme, Erica A. Newman, Daniel S. Park, Niels Raes Jens\u2010Christian Svenning<span style=\"font-weight: 400;\"> (2020).<\/span><a href=\"https:\/\/www.researchgate.net\/publication\/339513215_30_land_conservation_and_climate_action_reduces_tropical_extinction_risk_by_more_than_50\"> <span style=\"font-weight: 400;\">30% land conservation and climate action reduces tropical extinction risk by more than 50%<\/span><\/a><span style=\"font-weight: 400;\">. <\/span><i><span style=\"font-weight: 400;\">Ecography, 43: 943-953.<\/span><\/i><\/li>\n<li>Enquist BJ, Xiao Feng, Brad Boyle, Brian Maitner, Erica A. Newman, Peter M\u00f8ller J\u00f8rgensen, Patrick R. Roehrdanz, Barbara M. Thiers, Joseph R. Burger, Richard T. Corlett , Thomas L. P. Couvreur , Gilles Dauby , John C. Donoghue, Wendy Foden, Jon C. Lovett, Pablo A. Marquet, Cory Merow, Guy Midgley, Naia Morueta-Holme, Danilo M. Neves, Ary T. Oliveira-Filho, Nathan J. B. Kraft, Daniel S. Park, Robert K. Peet, Michiel Pillet, Josep M. Serra-Diaz, Brody Sandel, Mark Schildhauer, Irena S\u030ci\u0301mova\u0301, Cyrille Violle, Jan J. Wieringa, Susan K. Wiser, Lee Hannah, Jens-Christian Svenning, Brian J. McGill (2019) <a href=\"https:\/\/advances.sciencemag.org\/content\/advances\/5\/11\/eaaz0414.full.pdf\"><span style=\"font-weight: 400;\">The commonness of rarity: Global and future distribution of rarity across land plants.<\/span><\/a> <i><span style=\"font-weight: 400;\">Science Advances, <\/span><\/i><span style=\"font-weight: 400;\">5 (11), eaaz0414.<\/span><\/li>\n<li><span style=\"font-weight: 400;\">McFadden, I.R., Sandel, B., Tsirogiannis, C., Morueta\u2010Holme, N., Svenning, J.C., Enquist, B.J. and Kraft, N.J., (2019) <\/span><a href=\"https:\/\/cloudfront.escholarship.org\/dist\/prd\/content\/qt44p2j4n8\/qt44p2j4n8.pdf\"><span style=\"font-weight: 400;\">Temperature shapes opposing latitudinal gradients of plant taxonomic and phylogenetic \u03b2 diversity<\/span><\/a><span style=\"font-weight: 400;\">. <\/span><i><span style=\"font-weight: 400;\">Ecology Letters<\/span><\/i><span style=\"font-weight: 400;\">, 22:1126-1135.<\/span><\/li>\n<li><span style=\"font-weight: 400;\">Merow, C., Maitner, B.S., Owens, H.L., Kass, J.M., Enquist, B.J., Jetz, W. and Guralnick, R., (2019) <\/span><a href=\"https:\/\/onlinelibrary.wiley.com\/doi\/full\/10.1111\/geb.12993?casa_token=9fxFN2okl5AAAAAA%3AwnIGpvGNuY4Ee0o1W0XA4mVPnFEmxFpxIuw_6BFH0ZyB4sFN0-Vid27qS_3FA_S6XP3yHdGTS7pLNQ\"><span style=\"font-weight: 400;\">RMMS: Species\u2019 Range Model Metadata Standards<\/span><\/a><span style=\"font-weight: 400;\">. <\/span><i><span style=\"font-weight: 400;\">Global Ecology and Biogeography<\/span><\/i><span style=\"font-weight: 400;\">, DOI:10.1111\/geb.12993<\/span><\/li>\n<li><span style=\"font-weight: 400;\">Steidinger et al. <\/span><a href=\"http:\/\/eprints.whiterose.ac.uk\/148523\/1\/A.Marshall_AAM_2018_04_05577D_R4_1_.pdf\"><span style=\"font-weight: 400;\">Climatic controls of decomposition drive the global biogeography of forest tree symbioses<\/span><\/a><span style=\"font-weight: 400;\">. <\/span><i><span style=\"font-weight: 400;\">Nature <\/span><\/i><span style=\"font-weight: 400;\">569(7756), p.404.<\/span><\/li>\n<li><span style=\"font-weight: 400;\">\u0160\u00edmov\u00e1, I., Sandel, B., Enquist, B.J., Michaletz, S.T., Kattge, J., Violle, C., McGill, B.J., Blonder, B., Engemann, K., Peet, R.K. and Wiser, S.K., (2019) T<\/span><a href=\"https:\/\/besjournals.onlinelibrary.wiley.com\/doi\/pdf\/10.1111\/1365-2745.13163?casa_token=KXyV5L6PxJMAAAAA:o3tT1K2-3PXsBv_kY8X181KUZJJk-q3cecHug_m4QU2MoFpBvR-1W-wLlOXFCFZYZouD7IleIdnnwQ\"><span style=\"font-weight: 400;\">he relationship of woody plant size and leaf nutrient content to large\u2010scale productivity for forests across the Americas<\/span><\/a><span style=\"font-weight: 400;\">. <\/span><i><span style=\"font-weight: 400;\">Journal of Ecology 107: 2278-2290.<\/span><\/i><\/li>\n<li><span style=\"font-weight: 400;\">Echeverr\u00eda-Londo\u00f1o, S., Enquist, B.J., Neves, D.M., Violle, C., Boyle, B., Nathan J.B. Kraft, N.J.B., Maitner, B.S., McGill, B., Peet, R.K., Sandel, B., Smith, S.A., Svenning, J. Wiser, S.K., and Kerkhoff, A.J.,\u00a0 <\/span><a href=\"https:\/\/www.frontiersin.org\/articles\/10.3389\/fevo.2018.00219\/full\"><span style=\"font-weight: 400;\">Plant functional diversity and the biogeography of biomes in North and South America<\/span><\/a><span style=\"font-weight: 400;\">. <\/span><i><span style=\"font-weight: 400;\">Frontiers in Ecology and Evolution, 6:219.<\/span><\/i><\/li>\n<li><span style=\"font-weight: 400;\">20. Eiserhardt, W.L., Antonelli, A., Bennett, D.J., Botigu\u00e9, L.R., Burleigh, J.G., Dodsworth, S., Enquist, B.J., Forest, F., Kim, J.T., Kozlov, A.M., Leitch, I.J., Maitner, B.S., Mirarab, S., Piel, W.H.,\u00a0 P\u00e9rez\u2010Escobar, O.A., Pokorny, L.,\u00a0 Rahbek, C., Sandel, B., Smith, S.A.\u00a0 Stamatakis, A., Vos, R.A, Warnow, T., and W.J. Baker (2018) <\/span><a href=\"https:\/\/www.researchgate.net\/publication\/324126430_A_roadmap_for_global_synthesis_of_the_plant_tree_of_life\"><span style=\"font-weight: 400;\">A roadmap for global synthesis of the plant tree of life<\/span><\/a><span style=\"font-weight: 400;\">. <\/span><i><span style=\"font-weight: 400;\">American Journal of Botany<\/span><\/i><span style=\"font-weight: 400;\">, 105:614-622.<\/span><\/li>\n<li><span style=\"font-weight: 400;\">Maitner, B.S., B. Boyle, N. Casler, R. Condit, J. Donoghue II, S. M. Dur\u00e1n, D. Guaderrama, C. E Hinchliff, P. M. J\u00f8rgensen, N. J. B. Kraft, B. McGill, C. Merow, N. Morueta-Holme, R. K. Peet, B. Sandel, M. Schildhauer, S. A. Smith, Jens-Christian Svenning, B. Thiers, C. Violle, S. Wiser, and B. J. Enquist. (2018) <\/span><a href=\"http:\/\/onlinelibrary.wiley.com\/doi\/10.1111\/2041-210X.12861\/full\"><span style=\"font-weight: 400;\">The BIEN R package: A tool to access the Botanical Information and Ecology Network (BIEN) Database<\/span><\/a><span style=\"font-weight: 400;\">.\u00a0<\/span><i><span style=\"font-weight: 400;\">Methods in Ecology and Evolution<\/span><\/i><span style=\"font-weight: 400;\">, 9:373-379.<\/span><\/li>\n<li><span style=\"font-weight: 400;\">\u0160\u00edmov\u00e1 I, Violle C, Svenning JC, Kattge J, Engemann K, Sandel B, Peet RK, Wiser SK, Blonder B, McGill BJ, Boyle B and B.J. Enquist (2018)\u00a0 <\/span><a href=\"https:\/\/www.researchgate.net\/publication\/322487348_Spatial_patterns_and_climate_relationships_of_major_plant_traits_in_the_New_World_differ_between_woody_and_herbaceous_species\"><span style=\"font-weight: 400;\">Spatial patterns and climate relationships of major plant traits in the New World differ between woody and herbaceous species<\/span><\/a><span style=\"font-weight: 400;\">. <\/span><i><span style=\"font-weight: 400;\">Journal of Biogeography<\/span><\/i><span style=\"font-weight: 400;\">, 45:895-916.<\/span><\/li>\n<li><span style=\"font-weight: 400;\">Serra-Diaz JM, Enquist B.J., Maitner B., Merow C., and Svenning J.C. (2018) Big data of tree species distributions: how big and how good?\u00a0 <\/span><i><span style=\"font-weight: 400;\">Forest Ecosystems<\/span><\/i><span style=\"font-weight: 400;\"> 1:30. <\/span><a href=\"https:\/\/doi.org\/10.1186\/s40663-017-0120-0\"><span style=\"font-weight: 400;\">https:\/\/doi.org\/10.1186\/s40663-017-0120-0<\/span><\/a><span style=\"font-weight: 400;\">.<\/span><\/li>\n<li><span style=\"font-weight: 400;\">Csergo, A.M., Salguero-Gomez, R., \u00a0Broennimann, O., Coutts, S.R.,Guisan, A., Angert, A.L., \u00a0Welk, E., Stott, I., \u00a0Enquist, B.J., \u00a0McGill, B., Svenning, J., Violle, C., \u00a0and Y. M. Buckley (2017) \u00a0<\/span><a href=\"https:\/\/www.researchgate.net\/publication\/317578838_Less_favourable_climates_constrain_demographic_strategies_in_plants\"><span style=\"font-weight: 400;\">Less favourable climates constrain demographic strategies in plants.\u00a0\u00a0<\/span><\/a><i><span style=\"font-weight: 400;\">Ecology Letters<\/span><\/i><span style=\"font-weight: 400;\">, 20(8), pp.969-980.<\/span><\/li>\n<li><span style=\"font-weight: 400;\">Enquist, B. J., Condit, R., Peet, R. K., Schildhauer, M., &amp; Thiers, B. M. (2016). <\/span><a href=\"https:\/\/peerj.com\/preprints\/2615\/\"><span style=\"font-weight: 400;\">Cyberinfrastructure for an integrated botanical information network to investigate the ecological impacts of global climate change on plant biodiversity\u00a0<\/span><\/a><span style=\"font-weight: 400;\">(No. e2615v1).\u00a0<\/span><i><span style=\"font-weight: 400;\">PeerJ Preprints<\/span><\/i><span style=\"font-weight: 400;\">.<\/span><\/li>\n<li>Engemann, K, Sandel, B, Boyle, BL, Enquist, BJ, J\u00f8rgensen, PM, Kattge, J, McGill, BJ, Morueta-Holme, N, Peet, RK, Spencer, NJ, Violle, C, Wiser, SK and Svenning, J-C (2016) A plant growth form dataset for the New World Ecology. Accepted Author Manuscript doi:101002\/ecy1569.<\/li>\n<li>Engemann, K., Sandel, B., Morueta-Holme, N., Enquist, B.J., Peet, R.K., Wiser, S. and J.C. Svenning (2016) Patterns and drivers of plant functional group dominance across the Western Hemisphere \u2013 a macroecological re-assessment based on a massive botanical dataset. Botanical Journal of the Linnaean Society, 180:141-60.<\/li>\n<li>Goldsmith, G.R., Morueta-Holme, N., Sandel, B. Fitz, E.D., Fitz, S.D., Boyle, B., Casler,N. Engemann, K., Jorgensen, P.M., Kraft, N.J.B., McGill, B., Peet, R.K., Piel, W.H., Spencer, N., Svenning, J.C., Thiers, B.M., Violle, C., Wiser, S.K., and B.J. Enquist. (2016) Plant-O-Matic: A dynamic and mobile guide to all plants of the Americas. Methods in Ecology and Evolution, doi: 10.1111\/2041-210X.12548.<\/li>\n<li>Blonder, B., Nogu\u00e9s-Bravo, D., Borregaard, M.K., Donoghue II, J.C., J\u00f8rgensen, P.M., Kraft, N.J.B., Lessard, J-P., Morueta-Holme, N., Sandel, B., Svenning, J.C., Violle, C., Rahbek, C. and B.J. Enquist (2015)<a href=\"https:\/\/www.researchgate.net\/publication\/275037492_Linking_environmental_filtering_and_disequilibrium_to_biogeography_with_a_community_climate_framework\" target=\"_blank\" rel=\"noopener noreferrer\">\u00a0Linking environmental filtering and disequilibrium to biogeography with a community climate framework<\/a>.\u00a0<em>Ecology,\u00a0<\/em>96:972\u2013985.<\/li>\n<li>Engemann K, Enquist BJ, Sandel B, Boyle B, J\u00f8rgensen PM, Morueta\u2010Holme N, Peet RK, Violle C, Svenning JC. Limited sampling hampers \u201cbig data\u201d estimation of species richness in a tropical biodiversity hotspot (2015) <i>Ecology and evolution<\/i>, <i>5:\u00a0<\/i>807-820.<\/li>\n<li>Morueta-Holme, N., Blonder, B., Sandel, B., McGill, B.J., Peet, R.K., Ott, J., Violle, C., Enquist, B.J., Jorgensen, P. M., and J. Svenning. (2016) A network approach for inferring species associations from co-occurrence data. Ecography, doi: 10.1111\/ecog.01892.<\/li>\n<li>Doughty C, Wolf A, Morueta-Holme N, J\u00f8rgensen PM, Sandel B, Violle C, Boyle B, Kraft N, Peet RK, Enquist B. J., Svenning J-C, Blake S, Galetti M (2016) Megafauna extinction, tree species range reduction, and carbon storage in Amazonian forests. <em>Ecography,\u00a039: 194\u2013203.\u00a0<\/em>[<span style=\"color: #000000;\"><a style=\"color: #000000;\" href=\"http:\/\/onlinelibrary.wiley.com\/doi\/10.1111\/ecog.01587\/abstract\" target=\"_blank\" rel=\"noopener noreferrer\">link<\/a><\/span>]<\/li>\n<li>Engemann, K., Sandel, B., Morueta-Holme, N., Enquist, B.J., Peet, R.K., Wiser, S. and J.C. Svenning (2016) Patterns and drivers of plant functional group dominance across the Western Hemisphere \u2013 a macroecological re-assessment based on a massive botanical dataset. Botanical Journal of the Linnaean Society, 180:141-60.<\/li>\n<li>\u0160\u00edmov\u00e1 I, Violle C, Kraft NJB, Storch D, Svenning J-C, Boyle B, Donoghue II JC, J\u00f8rgensen PM, McGill BJ, Morueta-Holme N, Peet RK, Wiser SK, Piel W, Regetz J, Schildhauer M, Thiers BM, Enquist BJ (2015) Shifts in trait means and variances in North American tree assemblages: species richness patterns are loosely related to the functional space. <em>Ecography<\/em> 38:649-658 [<span style=\"color: #000000;\"><a style=\"color: #000000;\" href=\"http:\/\/onlinelibrary.wiley.com\/doi\/10.1111\/ecog.00867\/abstract\" target=\"_blank\" rel=\"noopener noreferrer\">link<\/a><\/span>, <span style=\"color: #ff6600;\">Editor's Choice<\/span>]<\/li>\n<li>Blonder B, Nogu\u00e9s-Bravo D, Borregaard MK, Donoghue II JC, J\u00f8rgensen PM, Kraft NJB, Lessard J-P, Morueta-Holme N, Sandel B, Svenning J-C, Violle C, Rahbek C, Enquist BJ (2015) Disentangling filtering and environmental disequilibrium with a community climate framework.\u00a0<em>Ecology\u00a0<\/em>96(4):972\u2013985 [<span style=\"color: #000000;\"><a style=\"color: #000000;\" href=\"http:\/\/www.esajournals.org\/doi\/abs\/10.1890\/14-0589.1\" target=\"_blank\" rel=\"noopener noreferrer\">link<\/a><\/span>]<\/li>\n<li><span style=\"color: #2b2b2b;\">Lamanna C, Blonder B, Violle C, Kraft NJB, Sandel B, \u0160\u00edmov\u00e1 I, Donoghue II JC, Svenning J-C, McGill BJ, Boyle B, Buzzard V, Dolins S, J\u00f8rgensen PM, Marcuse-Kubitza A,\u00a0<\/span><span style=\"color: #2b2b2b;\">Morueta-Holme N<\/span><span style=\"color: #2b2b2b;\">, Peet RK, Piel WH, Regetz J, Schildhauer M, \u00a0Spencer N, Thiers B, Wiser S, Enquist B. (<span style=\"color: #000000;\">2014) Functional trait space and the latitudinal diversity gradient. <em>Proceedings of the National Academy of Sciences<\/em>\u00a0111: 13745-13750 [<\/span><\/span><span style=\"color: #000000;\"><a style=\"color: #24890d;\" href=\"http:\/\/www.pnas.org\/content\/early\/2014\/09\/11\/1317722111.abstract\" target=\"_blank\" rel=\"noopener noreferrer\"><span style=\"color: #000000;\">link<\/span><\/a>]<\/span><\/li>\n<li>Boyle, B, Hopkins, N, Lu, Z, Raygoza Garay, JA, Mozzherin, D, Rees, T, Matasci, N, Narro, ML, Piel, WH, Mckay, SJ, Lowry, S, Freeland, C, Peet, RK, Enquist, BJ (2013) The taxonomic name resolution service: an online tool for automated standardization of plant names. <em>BMC Bioinformatics<\/em> 14:16.<\/li>\n<li><span style=\"color: #000000;\">Morueta-Holme N, Enquist B, McGill BJ, Boyle B, J\u00f8rgensen PM, Ott JE, Peet RK, \u0160\u00edmov\u00e1 I, Sloat L, Thiers B, Violle C, Wiser S, Dolins S, Donoghue II JC, Kraft NJB, Regetz J, Schildhauer M, Spencer N, Svenning J-C (2013) Habitat area and climate stability determine geographical variation in plant species range sizes. <em>Ecology Letters<\/em> 16: 1446-1454 [<a style=\"color: #24890d;\" href=\"http:\/\/onlinelibrary.wiley.com\/doi\/10.1111\/ele.12184\/abstract\" target=\"_blank\" rel=\"noopener noreferrer\"><span style=\"color: #000000;\">link<\/span><\/a>, <span style=\"color: #ff6600;\">Cover Article<\/span>]<\/span><\/li>\n<li>Wiser, SK, Spencer M, De C\u00e1ceres M, Kleikamp M, Boyle B, Peet RK (2011) Veg-X \u2013 An exchange standard for plot-based vegetation data. Applied Vegetation Science 22: 598\u2013609.<\/li>\n<\/ol>\n","protected":false},"excerpt":{"rendered":"<p>Peer-reviewed papers utilizing BIEN data Lee Hannah, Patrick R. Roehrdanz, Pablo A. Marquet, Brian J. Enquist, Guy Midgley, Wendy Foden, Jon C. Lovett, Richard T. Corlett, Derek Corcoran, Stuart H. M. Butchart, Brad Boyle, Xiao Feng, Brian Maitner, Javier Fajardo, Brian J. McGill, Cory Merow, Naia Morueta\u2010Holme, Erica A. Newman, Daniel S. Park, Niels Raes [&hellip;]<\/p>\n","protected":false},"author":8,"featured_media":0,"parent":0,"menu_order":70,"comment_status":"closed","ping_status":"closed","template":"","meta":{"footnotes":"","_links_to":"","_links_to_target":""},"class_list":["post-2448","page","type-page","status-publish","hentry"],"_links":{"self":[{"href":"https:\/\/bien.nceas.ucsb.edu\/bien\/wp-json\/wp\/v2\/pages\/2448"}],"collection":[{"href":"https:\/\/bien.nceas.ucsb.edu\/bien\/wp-json\/wp\/v2\/pages"}],"about":[{"href":"https:\/\/bien.nceas.ucsb.edu\/bien\/wp-json\/wp\/v2\/types\/page"}],"author":[{"embeddable":true,"href":"https:\/\/bien.nceas.ucsb.edu\/bien\/wp-json\/wp\/v2\/users\/8"}],"replies":[{"embeddable":true,"href":"https:\/\/bien.nceas.ucsb.edu\/bien\/wp-json\/wp\/v2\/comments?post=2448"}],"version-history":[{"count":15,"href":"https:\/\/bien.nceas.ucsb.edu\/bien\/wp-json\/wp\/v2\/pages\/2448\/revisions"}],"predecessor-version":[{"id":3770,"href":"https:\/\/bien.nceas.ucsb.edu\/bien\/wp-json\/wp\/v2\/pages\/2448\/revisions\/3770"}],"wp:attachment":[{"href":"https:\/\/bien.nceas.ucsb.edu\/bien\/wp-json\/wp\/v2\/media?parent=2448"}],"curies":[{"name":"wp","href":"https:\/\/api.w.org\/{rel}","templated":true}]}}